{"id":80,"date":"2018-10-06T08:36:23","date_gmt":"2018-10-06T08:36:23","guid":{"rendered":"https:\/\/the-pho-bar.de\/?page_id=80"},"modified":"2025-08-26T19:59:45","modified_gmt":"2025-08-26T19:59:45","slug":"home","status":"publish","type":"page","link":"https:\/\/the-pho-bar.de\/","title":{"rendered":"HOME"},"content":{"rendered":"\t\t<div data-elementor-type=\"wp-post\" data-elementor-id=\"80\" class=\"elementor elementor-80\" data-elementor-post-type=\"page\">\n\t\t\t\t\t\t<section class=\"elementor-section elementor-top-section elementor-element elementor-element-3be0e27 elementor-section-height-full aux-appear-watch-animation aux-fade-in elementor-section-boxed elementor-section-height-default elementor-section-items-middle\" data-id=\"3be0e27\" data-element_type=\"section\" data-settings=\"{&quot;background_background&quot;:&quot;classic&quot;}\">\n\t\t\t\t\t\t<div class=\"elementor-container elementor-column-gap-no\">\n\t\t\t\t\t<div class=\"aux-parallax-section elementor-column elementor-col-100 elementor-top-column elementor-element elementor-element-b451e1c\" data-id=\"b451e1c\" data-element_type=\"column\" data-settings=\"{&quot;background_background&quot;:&quot;classic&quot;}\">\n\t\t\t<div class=\"elementor-widget-wrap elementor-element-populated\">\n\t\t\t\t\t\t<div class=\"elementor-element elementor-element-d31db63 aux-appear-watch-animation aux-scale-down elementor-widget elementor-widget-aux_modern_heading\" data-id=\"d31db63\" data-element_type=\"widget\" data-widget_type=\"aux_modern_heading.default\">\n\t\t\t\t<div class=\"elementor-widget-container\">\n\t\t\t\t\t<section class=\"aux-widget-modern-heading\">\n            <div class=\"aux-widget-inner\"><h2 class=\"aux-modern-heading-primary\">WE ARE THE BEST<\/h2><h3 class=\"aux-modern-heading-secondary\"><span class=\"aux-head-before\">Vietnamesische Tradition &amp; moderne Sushi-Kreationen<\/span><\/h3><div class=\"aux-modern-heading-divider\"><\/div><div class=\"aux-modern-heading-description\"><p>Sind sie bereit Berlin f\u00fcr einen Augenblick zu verlassen und mit auf einen kleine kulinarische Reise nach Vietnam zu kommen ?<\/p><p>Dann kommen Sie gerne bei uns vorbei, denn diese Reise wird unPHOrgesslich !<\/p><\/div><\/div>\n        <\/section>\t\t\t\t<\/div>\n\t\t\t\t<\/div>\n\t\t\t\t<div class=\"elementor-element elementor-element-99e26ff elementor-widget elementor-widget-html\" data-id=\"99e26ff\" data-element_type=\"widget\" data-widget_type=\"html.default\">\n\t\t\t\t<div class=\"elementor-widget-container\">\n\t\t\t\t\t<script type='text\/javascript' src='\/\/www.opentable.de\/widget\/reservation\/loader?rid=404145&type=standard&theme=standard&color=1&dark=false&iframe=true&domain=de&lang=de-DE&newtab=false&ot_source=Restaurant%20website&cfe=true'><\/script>\r\n\t\t\t\t<\/div>\n\t\t\t\t<\/div>\n\t\t\t\t<div class=\"elementor-element elementor-element-f45970d aux-appear-watch-animation aux-fade-in-up elementor-widget elementor-widget-aux_button\" data-id=\"f45970d\" data-element_type=\"widget\" data-widget_type=\"aux_button.default\">\n\t\t\t\t<div class=\"elementor-widget-container\">\n\t\t\t\t\t<button   class=\"aux-button aux-medium aux-mikado-yellow aux-none aux-uppercase\" ><span class=\"aux-overlay\"><\/span><span class=\"aux-text\">Reservierung<\/span><\/button>\t\t\t\t<\/div>\n\t\t\t\t<\/div>\n\t\t\t\t\t<\/div>\n\t\t<\/div>\n\t\t\t\t\t<\/div>\n\t\t<\/section>\n\t\t\t\t<section class=\"elementor-section elementor-top-section elementor-element elementor-element-6569bb0 elementor-section-boxed elementor-section-height-default elementor-section-height-default\" data-id=\"6569bb0\" data-element_type=\"section\" data-settings=\"{&quot;background_background&quot;:&quot;classic&quot;}\">\n\t\t\t\t\t\t\t<div class=\"elementor-background-overlay\"><\/div>\n\t\t\t\t\t\t\t<div class=\"elementor-container elementor-column-gap-no\">\n\t\t\t\t\t<div class=\"aux-parallax-section elementor-column elementor-col-100 elementor-top-column elementor-element elementor-element-ddbe411\" data-id=\"ddbe411\" data-element_type=\"column\">\n\t\t\t<div class=\"elementor-widget-wrap elementor-element-populated\">\n\t\t\t\t\t\t<div class=\"elementor-element elementor-element-070417e aux-appear-watch-animation aux-scale-down elementor-widget elementor-widget-aux_modern_heading\" data-id=\"070417e\" data-element_type=\"widget\" data-widget_type=\"aux_modern_heading.default\">\n\t\t\t\t<div class=\"elementor-widget-container\">\n\t\t\t\t\t<section class=\"aux-widget-modern-heading\">\n            <div class=\"aux-widget-inner\"><h2 class=\"aux-modern-heading-primary\">\nAuthentisch vietnamesisch K\u00fcche, im Herzen Berlins.\n<\/h2><h3 class=\"aux-modern-heading-secondary\"><span class=\"aux-head-before\">THE PHO BAR<\/span><\/h3><div class=\"aux-modern-heading-description\"><p>Wir bitten klassiker, vegetarische, vegane &amp; glutenfreie Gerichte, nach alten Fammilienrezepten an.<\/p><p>\u00a0<\/p><p>\u00a0<\/p><p>\u00a0<\/p><p>\u00a0<\/p><\/div><\/div>\n        <\/section>\t\t\t\t<\/div>\n\t\t\t\t<\/div>\n\t\t\t\t\t<\/div>\n\t\t<\/div>\n\t\t\t\t\t<\/div>\n\t\t<\/section>\n\t\t\t\t<section class=\"elementor-section elementor-top-section elementor-element elementor-element-63be986 elementor-section-boxed elementor-section-height-default elementor-section-height-default\" data-id=\"63be986\" data-element_type=\"section\" data-settings=\"{&quot;background_background&quot;:&quot;classic&quot;}\">\n\t\t\t\t\t\t<div class=\"elementor-container elementor-column-gap-no\">\n\t\t\t\t\t<div class=\"aux-parallax-section elementor-column elementor-col-33 elementor-top-column elementor-element elementor-element-affb112\" data-id=\"affb112\" data-element_type=\"column\">\n\t\t\t<div class=\"elementor-widget-wrap elementor-element-populated\">\n\t\t\t\t\t\t<div class=\"elementor-element elementor-element-6c43e45 aux-appear-watch-animation aux-scale-up elementor-widget elementor-widget-image\" data-id=\"6c43e45\" data-element_type=\"widget\" data-widget_type=\"image.default\">\n\t\t\t\t<div class=\"elementor-widget-container\">\n\t\t\t\t\t\t\t\t\t\t\t\t\t\t\t<img fetchpriority=\"high\" decoding=\"async\" width=\"1709\" height=\"2560\" src=\"https:\/\/the-pho-bar.de\/wp-content\/uploads\/2021\/10\/LEE_7947-scaled.jpg\" class=\"attachment-full size-full wp-image-101\" alt=\"\" srcset=\"https:\/\/the-pho-bar.de\/wp-content\/uploads\/2021\/10\/LEE_7947-scaled.jpg 1709w, https:\/\/the-pho-bar.de\/wp-content\/uploads\/2021\/10\/LEE_7947-1025x1536.jpg 1025w, https:\/\/the-pho-bar.de\/wp-content\/uploads\/2021\/10\/LEE_7947-1367x2048.jpg 1367w\" sizes=\"(max-width: 1709px) 100vw, 1709px\" \/>\t\t\t\t\t\t\t\t\t\t\t\t\t\t\t<\/div>\n\t\t\t\t<\/div>\n\t\t\t\t\t<\/div>\n\t\t<\/div>\n\t\t\t\t<div class=\"aux-parallax-section elementor-column elementor-col-33 elementor-top-column elementor-element elementor-element-55488f8\" data-id=\"55488f8\" data-element_type=\"column\">\n\t\t\t<div class=\"elementor-widget-wrap elementor-element-populated\">\n\t\t\t\t\t\t<div class=\"elementor-element elementor-element-5b3d3a4 aux-appear-watch-animation aux-scale-up elementor-widget elementor-widget-image\" data-id=\"5b3d3a4\" data-element_type=\"widget\" data-widget_type=\"image.default\">\n\t\t\t\t<div class=\"elementor-widget-container\">\n\t\t\t\t\t\t\t\t\t\t\t\t\t\t\t<img decoding=\"async\" width=\"1709\" height=\"2560\" src=\"https:\/\/the-pho-bar.de\/wp-content\/uploads\/2021\/10\/LEE_7890-scaled.jpg\" class=\"attachment-full size-full wp-image-106\" alt=\"\" srcset=\"https:\/\/the-pho-bar.de\/wp-content\/uploads\/2021\/10\/LEE_7890-scaled.jpg 1709w, https:\/\/the-pho-bar.de\/wp-content\/uploads\/2021\/10\/LEE_7890-1025x1536.jpg 1025w, https:\/\/the-pho-bar.de\/wp-content\/uploads\/2021\/10\/LEE_7890-1367x2048.jpg 1367w\" sizes=\"(max-width: 1709px) 100vw, 1709px\" \/>\t\t\t\t\t\t\t\t\t\t\t\t\t\t\t<\/div>\n\t\t\t\t<\/div>\n\t\t\t\t\t<\/div>\n\t\t<\/div>\n\t\t\t\t<div class=\"aux-parallax-section elementor-column elementor-col-33 elementor-top-column elementor-element elementor-element-d2fcb95\" data-id=\"d2fcb95\" data-element_type=\"column\">\n\t\t\t<div class=\"elementor-widget-wrap elementor-element-populated\">\n\t\t\t\t\t\t<div class=\"elementor-element elementor-element-89d85b6 aux-appear-watch-animation aux-scale-up elementor-widget elementor-widget-image\" data-id=\"89d85b6\" data-element_type=\"widget\" data-widget_type=\"image.default\">\n\t\t\t\t<div class=\"elementor-widget-container\">\n\t\t\t\t\t\t\t\t\t\t\t\t\t\t\t<img decoding=\"async\" width=\"1709\" height=\"2560\" src=\"https:\/\/the-pho-bar.de\/wp-content\/uploads\/2021\/10\/LEE_7852-scaled.jpg\" class=\"attachment-full size-full wp-image-113\" alt=\"\" srcset=\"https:\/\/the-pho-bar.de\/wp-content\/uploads\/2021\/10\/LEE_7852-scaled.jpg 1709w, https:\/\/the-pho-bar.de\/wp-content\/uploads\/2021\/10\/LEE_7852-1025x1536.jpg 1025w, https:\/\/the-pho-bar.de\/wp-content\/uploads\/2021\/10\/LEE_7852-1367x2048.jpg 1367w\" sizes=\"(max-width: 1709px) 100vw, 1709px\" \/>\t\t\t\t\t\t\t\t\t\t\t\t\t\t\t<\/div>\n\t\t\t\t<\/div>\n\t\t\t\t\t<\/div>\n\t\t<\/div>\n\t\t\t\t\t<\/div>\n\t\t<\/section>\n\t\t\t\t<section class=\"elementor-section elementor-top-section elementor-element elementor-element-84d4810 elementor-section-boxed elementor-section-height-default elementor-section-height-default\" data-id=\"84d4810\" data-element_type=\"section\" data-settings=\"{&quot;background_background&quot;:&quot;classic&quot;}\">\n\t\t\t\t\t\t<div class=\"elementor-container elementor-column-gap-no\">\n\t\t\t\t\t<div class=\"aux-parallax-section elementor-column elementor-col-100 elementor-top-column elementor-element elementor-element-d1df508\" data-id=\"d1df508\" data-element_type=\"column\">\n\t\t\t<div class=\"elementor-widget-wrap elementor-element-populated\">\n\t\t\t\t\t\t<div class=\"elementor-element elementor-element-77ed836 aux-appear-watch-animation aux-scale-down elementor-widget elementor-widget-aux_modern_heading\" data-id=\"77ed836\" data-element_type=\"widget\" data-widget_type=\"aux_modern_heading.default\">\n\t\t\t\t<div class=\"elementor-widget-container\">\n\t\t\t\t\t<section class=\"aux-widget-modern-heading\">\n            <div class=\"aux-widget-inner\"><h2 class=\"aux-modern-heading-primary\">\"Pho\"<\/h2><div class=\"aux-modern-heading-divider\"><\/div><div class=\"aux-modern-heading-description\"><p>Inmitten Berlins hektischer Stra\u00dfen kann man sich schonmal leicht selbst verlieren.<\/p><p>Um diesem Gro\u00dfstadttrubel f\u00fcr einen kurzen Moment zu entfliehen, laden wir Sie herzlich zu einer Verschnaufpause in unser vietnamesisches Restaurant \u201eThe Pho Bar\u201c ein. Dieses befindet sich in den romantischen Stra\u00dfen von Prenzlauerberg , in der Rykestra\u00dfe 18 und zeichnet sich durch ein rustikal angelehntes Ambiente, mit vietnamesischen Touch aus.<\/p><p>\u00a0<\/p><p>\u00a0<\/p><\/div><\/div>\n        <\/section>\t\t\t\t<\/div>\n\t\t\t\t<\/div>\n\t\t\t\t\t<\/div>\n\t\t<\/div>\n\t\t\t\t\t<\/div>\n\t\t<\/section>\n\t\t\t\t<section class=\"elementor-section elementor-top-section elementor-element elementor-element-64788d2 elementor-section-height-min-height elementor-reverse-tablet elementor-reverse-mobile elementor-section-boxed elementor-section-height-default elementor-section-items-middle\" data-id=\"64788d2\" data-element_type=\"section\" data-settings=\"{&quot;background_background&quot;:&quot;classic&quot;}\">\n\t\t\t\t\t\t<div class=\"elementor-container elementor-column-gap-no\">\n\t\t\t\t\t<div class=\"aux-parallax-section elementor-column elementor-col-50 elementor-top-column elementor-element elementor-element-c3dea9a\" data-id=\"c3dea9a\" data-element_type=\"column\">\n\t\t\t<div class=\"elementor-widget-wrap elementor-element-populated\">\n\t\t\t\t\t\t<div class=\"elementor-element elementor-element-4796ec9 aux-appear-watch-animation aux-fade-in-up elementor-widget elementor-widget-aux_modern_heading\" data-id=\"4796ec9\" data-element_type=\"widget\" data-widget_type=\"aux_modern_heading.default\">\n\t\t\t\t<div class=\"elementor-widget-container\">\n\t\t\t\t\t<section class=\"aux-widget-modern-heading\">\n            <div class=\"aux-widget-inner\"><h2 class=\"aux-modern-heading-primary\">Our Awesome Restaurant<\/h2><h3 class=\"aux-modern-heading-secondary\"><span class=\"aux-head-before\">The Pho Bar<\/span><\/h3><div class=\"aux-modern-heading-divider\"><\/div><div class=\"aux-modern-heading-description\"><p>Wie der Name bereits verr\u00e4t wird hier das traditionelle vietnamesische Nationalgericht, Pho, authentisch nach Familienrezept zubereitet. Doch selbstverst\u00e4ndlich servieren wir nicht nur ausschlie\u00dflich traditionelle K\u00fcche. Kommen Sie uns besuchen und werfen Sie einen Blick auf unsere Special Dishes oder probieren Sie die veganen Varianten aller Gerichte aus. Doch The Pho Bar ist nicht nur ein idealer Ort um einen kleinen Geschmack von Vietnam zu bekommen, hier k\u00f6nnen Sie mit Familie und guten Freunden zusammen kommen und den Tag ausgelassen mit gutem Wein oder leckeren Cocktails ausklingen lassen.<\/p><\/div><\/div>\n        <\/section>\t\t\t\t<\/div>\n\t\t\t\t<\/div>\n\t\t\t\t<div class=\"elementor-element elementor-element-40070c4 aux-appear-watch-animation aux-fade-in-up elementor-widget elementor-widget-aux_button\" data-id=\"40070c4\" data-element_type=\"widget\" data-widget_type=\"aux_button.default\">\n\t\t\t\t<div class=\"elementor-widget-container\">\n\t\t\t\t\t<button   class=\"aux-button aux-large aux-masala aux-none aux-outline aux-uppercase\" ><span class=\"aux-overlay\"><\/span><span class=\"aux-text\">Read More<\/span><\/button>\t\t\t\t<\/div>\n\t\t\t\t<\/div>\n\t\t\t\t\t<\/div>\n\t\t<\/div>\n\t\t\t\t<div class=\"aux-parallax-section elementor-column elementor-col-50 elementor-top-column elementor-element elementor-element-f85f422\" data-id=\"f85f422\" data-element_type=\"column\">\n\t\t\t<div class=\"elementor-widget-wrap elementor-element-populated\">\n\t\t\t\t\t\t<div class=\"elementor-element elementor-element-8b73d2d aux-appear-watch-animation aux-fade-in-up-1 elementor-widget elementor-widget-image\" data-id=\"8b73d2d\" data-element_type=\"widget\" data-widget_type=\"image.default\">\n\t\t\t\t<div class=\"elementor-widget-container\">\n\t\t\t\t\t\t\t\t\t\t\t\t\t\t\t<img decoding=\"async\" src=\"https:\/\/the-pho-bar.de\/wp-content\/uploads\/elementor\/thumbs\/2021-07-21-The-Pho-Bar-IPS70-web_3-pe4e7oflsndnq7ync0ho5ks4owkqpn0tluvr8ysock.jpg\" title=\"2021-07-21-The Pho Bar-IPS70-web_3\" alt=\"2021-07-21-The Pho Bar-IPS70-web_3\" loading=\"lazy\" \/>\t\t\t\t\t\t\t\t\t\t\t\t\t\t\t<\/div>\n\t\t\t\t<\/div>\n\t\t\t\t<div class=\"elementor-element elementor-element-be3716a aux-appear-watch-animation aux-fade-in-up-2 elementor-widget elementor-widget-image\" data-id=\"be3716a\" data-element_type=\"widget\" data-widget_type=\"image.default\">\n\t\t\t\t<div class=\"elementor-widget-container\">\n\t\t\t\t\t\t\t\t\t\t\t\t\t\t\t<img decoding=\"async\" src=\"https:\/\/the-pho-bar.de\/wp-content\/uploads\/elementor\/thumbs\/LEE_7863-scaled-pdz8vwtl7jik6l9npcew6n67wlb4brjwffcxt124ak.jpg\" title=\"LEE_7863\" alt=\"LEE_7863\" loading=\"lazy\" \/>\t\t\t\t\t\t\t\t\t\t\t\t\t\t\t<\/div>\n\t\t\t\t<\/div>\n\t\t\t\t\t<\/div>\n\t\t<\/div>\n\t\t\t\t\t<\/div>\n\t\t<\/section>\n\t\t\t\t<section class=\"elementor-section elementor-top-section elementor-element elementor-element-a52aa9f elementor-section-height-min-height elementor-reverse-tablet elementor-reverse-mobile elementor-section-boxed elementor-section-height-default elementor-section-items-middle\" data-id=\"a52aa9f\" data-element_type=\"section\" data-settings=\"{&quot;background_background&quot;:&quot;classic&quot;}\">\n\t\t\t\t\t\t<div class=\"elementor-container elementor-column-gap-default\">\n\t\t\t\t\t<div class=\"aux-parallax-section elementor-column elementor-col-50 elementor-top-column elementor-element elementor-element-7f45c9e\" data-id=\"7f45c9e\" data-element_type=\"column\">\n\t\t\t<div class=\"elementor-widget-wrap elementor-element-populated\">\n\t\t\t\t\t\t<div class=\"elementor-element elementor-element-da1c720 aux-appear-watch-animation aux-fade-in-up elementor-widget elementor-widget-aux_modern_heading\" data-id=\"da1c720\" data-element_type=\"widget\" data-widget_type=\"aux_modern_heading.default\">\n\t\t\t\t<div class=\"elementor-widget-container\">\n\t\t\t\t\t<section class=\"aux-widget-modern-heading\">\n            <div class=\"aux-widget-inner\"><h2 class=\"aux-modern-heading-primary\">Authentisch vietnamesisch K\u00fcche<\/h2><div class=\"aux-modern-heading-divider\"><\/div><div class=\"aux-modern-heading-description\"><p>Wir bitten klassiker, vegetarische, vegane &amp; glutenfreie Gerichte, nach alten Fammilienrezepten an.<\/p><\/div><\/div>\n        <\/section>\t\t\t\t<\/div>\n\t\t\t\t<\/div>\n\t\t\t\t<div class=\"elementor-element elementor-element-2a45a25 aux-appear-watch-animation aux-fade-in-up-1 elementor-widget elementor-widget-aux_button\" data-id=\"2a45a25\" data-element_type=\"widget\" data-widget_type=\"aux_button.default\">\n\t\t\t\t<div class=\"elementor-widget-container\">\n\t\t\t\t\t<button   class=\"aux-button aux-large aux-masala aux-none aux-outline aux-uppercase\" ><span class=\"aux-overlay\"><\/span><span class=\"aux-text\">Read More<\/span><\/button>\t\t\t\t<\/div>\n\t\t\t\t<\/div>\n\t\t\t\t\t<\/div>\n\t\t<\/div>\n\t\t\t\t<div class=\"aux-parallax-section elementor-column elementor-col-50 elementor-top-column elementor-element elementor-element-52d2424\" data-id=\"52d2424\" data-element_type=\"column\">\n\t\t\t<div class=\"elementor-widget-wrap elementor-element-populated\">\n\t\t\t\t\t\t<div class=\"elementor-element elementor-element-d98015e aux-appear-watch-animation aux-fade-in-up-1 elementor-widget elementor-widget-image\" data-id=\"d98015e\" data-element_type=\"widget\" data-widget_type=\"image.default\">\n\t\t\t\t<div class=\"elementor-widget-container\">\n\t\t\t\t\t\t\t\t\t\t\t\t\t\t\t<img decoding=\"async\" src=\"https:\/\/the-pho-bar.de\/wp-content\/uploads\/elementor\/thumbs\/LEE_7862-scaled-pdz8ultn1pg1kudsh53qurn7hnyifvyufrzj976al8.jpg\" title=\"LEE_7862\" alt=\"LEE_7862\" loading=\"lazy\" \/>\t\t\t\t\t\t\t\t\t\t\t\t\t\t\t<\/div>\n\t\t\t\t<\/div>\n\t\t\t\t<div class=\"elementor-element elementor-element-447d46f aux-appear-watch-animation aux-fade-in-up-2 elementor-widget elementor-widget-image\" data-id=\"447d46f\" data-element_type=\"widget\" data-widget_type=\"image.default\">\n\t\t\t\t<div class=\"elementor-widget-container\">\n\t\t\t\t\t\t\t\t\t\t\t\t\t\t\t<img decoding=\"async\" src=\"https:\/\/the-pho-bar.de\/wp-content\/uploads\/elementor\/thumbs\/LEE_8029-Aweb-pdz8lhrysiyz0xmaopay6kfc66vetisiuob2rmoows.jpg\" title=\"LEE_8029 Aweb\" alt=\"LEE_8029 Aweb\" loading=\"lazy\" \/>\t\t\t\t\t\t\t\t\t\t\t\t\t\t\t<\/div>\n\t\t\t\t<\/div>\n\t\t\t\t\t<\/div>\n\t\t<\/div>\n\t\t\t\t\t<\/div>\n\t\t<\/section>\n\t\t\t\t<section class=\"elementor-section elementor-top-section elementor-element elementor-element-21ca342 elementor-section-content-middle elementor-section-boxed elementor-section-height-default elementor-section-height-default\" data-id=\"21ca342\" data-element_type=\"section\" data-settings=\"{&quot;background_background&quot;:&quot;classic&quot;}\">\n\t\t\t\t\t\t\t<div class=\"elementor-background-overlay\"><\/div>\n\t\t\t\t\t\t\t<div class=\"elementor-container elementor-column-gap-no\">\n\t\t\t\t\t<div class=\"aux-parallax-section elementor-column elementor-col-100 elementor-top-column elementor-element elementor-element-10dd472\" data-id=\"10dd472\" data-element_type=\"column\">\n\t\t\t<div class=\"elementor-widget-wrap elementor-element-populated\">\n\t\t\t\t\t\t<div class=\"elementor-element elementor-element-dc53f8c aux-appear-watch-animation aux-scale-down elementor-widget elementor-widget-aux_modern_heading\" data-id=\"dc53f8c\" data-element_type=\"widget\" data-widget_type=\"aux_modern_heading.default\">\n\t\t\t\t<div class=\"elementor-widget-container\">\n\t\t\t\t\t<section class=\"aux-widget-modern-heading\">\n            <div class=\"aux-widget-inner\"><h2 class=\"aux-modern-heading-primary\">EINFACH, ABER K\u00d6STLICH ERLEBNIS<\/h2><div class=\"aux-modern-heading-description\"><h6>Wir lieben einzigartige Geschmackserlebnisse.\u00a0<\/h6><p>Dabei achten wir nicht nur auf erlesene Zutaten und eine hochwertige Zubereitung, sondern visualisieren unsere Kreationen in einer g\u00e4nzlich neuen Darstellung von asiatischer K\u00fcche. Denn wir sind \u00fcberzeugt: Die Fusion von Geschmack und Design, macht Essen zum Erlebnis.<\/p><\/div><\/div>\n        <\/section>\t\t\t\t<\/div>\n\t\t\t\t<\/div>\n\t\t\t\t\t<\/div>\n\t\t<\/div>\n\t\t\t\t\t<\/div>\n\t\t<\/section>\n\t\t\t\t<\/div>\n\t\t","protected":false},"excerpt":{"rendered":"<p>WE ARE THE BEST Vietnamesische Tradition &amp; moderne Sushi-Kreationen Sind sie bereit Berlin f\u00fcr einen Augenblick zu verlassen und mit auf einen kleine kulinarische Reise nach Vietnam zu kommen ? Dann kommen Sie gerne bei uns vorbei, denn diese Reise wird unPHOrgesslich ! Reservierung Authentisch vietnamesisch K\u00fcche, im Herzen Berlins. THE PHO BAR Wir bitten [&hellip;]<\/p>\n","protected":false},"author":1,"featured_media":0,"parent":0,"menu_order":0,"comment_status":"closed","ping_status":"closed","template":"templates\/page-builder-content.php","meta":{"footnotes":""},"class_list":["post-80","page","type-page","status-publish","hentry"],"_links":{"self":[{"href":"https:\/\/the-pho-bar.de\/index.php?rest_route=\/wp\/v2\/pages\/80","targetHints":{"allow":["GET"]}}],"collection":[{"href":"https:\/\/the-pho-bar.de\/index.php?rest_route=\/wp\/v2\/pages"}],"about":[{"href":"https:\/\/the-pho-bar.de\/index.php?rest_route=\/wp\/v2\/types\/page"}],"author":[{"embeddable":true,"href":"https:\/\/the-pho-bar.de\/index.php?rest_route=\/wp\/v2\/users\/1"}],"replies":[{"embeddable":true,"href":"https:\/\/the-pho-bar.de\/index.php?rest_route=%2Fwp%2Fv2%2Fcomments&post=80"}],"version-history":[{"count":40,"href":"https:\/\/the-pho-bar.de\/index.php?rest_route=\/wp\/v2\/pages\/80\/revisions"}],"predecessor-version":[{"id":338,"href":"https:\/\/the-pho-bar.de\/index.php?rest_route=\/wp\/v2\/pages\/80\/revisions\/338"}],"wp:attachment":[{"href":"https:\/\/the-pho-bar.de\/index.php?rest_route=%2Fwp%2Fv2%2Fmedia&parent=80"}],"curies":[{"name":"wp","href":"https:\/\/api.w.org\/{rel}","templated":true}]}}